{"id":2282,"date":"2016-08-08T04:48:31","date_gmt":"2016-08-08T04:48:31","guid":{"rendered":"http:\/\/192.168.1.30:8080\/ri-fusion\/?page_id=2282"},"modified":"2018-09-07T09:42:48","modified_gmt":"2018-09-07T09:42:48","slug":"a-propos-de-moi","status":"publish","type":"page","link":"https:\/\/christian-poncet.com\/index.php\/a-propos-de-moi\/","title":{"rendered":"A propos\/parcours"},"content":{"rendered":"<p>[vc_row css=&#8221;.vc_custom_1470714936820{margin-top: 100px !important;margin-bottom: 100px !important;}&#8221;][vc_column width=&#8221;1\/2&#8243;][vc_single_image image=&#8221;3427&#8243; img_size=&#8221;full&#8221; css_animation=&#8221;fadeIn&#8221; css=&#8221;.vc_custom_1536151389760{padding-top: 45px !important;}&#8221;][\/vc_column][vc_column width=&#8221;1\/2&#8243;][vc_custom_heading text=&#8221;Biographie&#8221; font_container=&#8221;tag:h2|font_size:24|text_align:left|color:%23252525&#8243; use_theme_fonts=&#8221;yes&#8221; css_animation=&#8221;fadeIn&#8221; css=&#8221;.vc_custom_1533569379175{margin-top: 40px !important;margin-bottom: 40px !important;}&#8221;][vc_column_text css_animation=&#8221;fadeIn&#8221;]<\/p>\n<p style=\"text-align: justify;\"><strong>Christian PONCET<\/strong> pratique la photographie depuis l&#8217;\u00e2ge de 18 ans. Depuis ses d\u00e9buts, la \u00ab street photography \u00bb reste sa pratique privil\u00e9gi\u00e9e \u2013 l&#8217;espace urbain et l&#8217;agitation des villes sont ses principales sources d&#8217;inspiration et son terrain de jeux favori &#8211; m\u00eame si, en parall\u00e8le, l&#8217;utilisation du st\u00e9nop\u00e9 qu&#8217;il d\u00e9couvre il y a 20 ans, l&#8217;am\u00e8ne \u00e0 explorer d&#8217;autres techniques et \u00e0 aborder une photographie plus contemplative, moins compulsive.<br \/>\nIl participe \u00e0 de nombreuses expositions collectives ou personnelles : Annecy, Evian, Paris, Clermont-Ferrand, Montpellier&#8230; Ses photographies figurent dans la collection d&#8217;institutions telles que l&#8217;Artoth\u00e8que d&#8217;Annecy, Grenoble ou encore le Mus\u00e9e-Ch\u00e2teau d&#8217;Annecy.<\/p>\n<p>[\/vc_column_text][vc_column_text css_animation=&#8221;bounceIn&#8221;]<strong>Prix<\/strong><\/p>\n<p><span style=\"font-weight: 400;\"> -1er prix du concours International AGFA Multicontrast, 1999<\/span><\/p>\n<p><span style=\"font-weight: 400;\"> -4\u00e8 prix du concours ILFORD N&amp;B, 2009<\/span><\/p>\n<p><span style=\"font-weight: 400;\"> -1er prix du concours \u00ab\u00a0Le tour du monde en st\u00e9nop\u00e9\u00a0\u00bb, Artazart\/Paris, 2009<\/span><\/p>\n<p>&nbsp;<\/p>\n<p><strong>Acquisitions<\/strong><\/p>\n<p><span style=\"font-weight: 400;\">-Artoth\u00e8que et Biblioth\u00e8que de Bonlieu, Annecy<\/span><\/p>\n<p><span style=\"font-weight: 400;\">-Artoth\u00e8que de Grenoble<\/span><\/p>\n<p><span style=\"font-weight: 400;\">-Mus\u00e9e-Ch\u00e2teau d&#8217;Annecy<\/span><\/p>\n<p><span style=\"font-weight: 400;\">-Royal H\u00f4tel d&#8217;Evian<\/span><\/p>\n<p>&nbsp;<\/p>\n<p><strong>Parutions<\/strong><\/p>\n<p><span style=\"font-weight: 400;\">-\u00ab\u00a0Les chevaux du lac\u00a0\u00bb, Editions \u00ab\u00a0Autre vue\u00a0\u00bb, Lyon, 2007<\/span><\/p>\n<p><span style=\"font-weight: 400;\">-\u00ab\u00a0Le nord, de Berck \u00e0 Stella-plage\u00a0\u00bb, Editions Blurb, 2016<\/span><\/p>\n<p><span style=\"font-weight: 400;\">-\u00ab\u00a0Le songe des rives\u00a0\u00bb, catalogue d&#8217;exposition galerie Domus, 2016<\/span><\/p>\n<p><span style=\"font-weight: 400;\">-\u00ab\u00a0Le songe des rives\u00a0\u00bb, Editions Blurb, 2018<\/span><\/p>\n<p><span style=\"font-weight: 400;\">-Revue \u00ab\u00a0Vis \u00e0 vis international\u00a0\u00bb 2000<\/span><\/p>\n<p><span style=\"font-weight: 400;\">-Revue \u00ab\u00a0De l&#8217;air\u00a0\u00bb, 2010<\/span><\/p>\n<p><span style=\"font-weight: 400;\">-Revue \u00ab\u00a0Comp\u00e9tence Photo\u00a0\u00bb, 2013<\/span>[\/vc_column_text]<div id=\"rit-follow-me-69e0646c583ac\" class=\"rit-follow-me circle\">\n            <h3 class=\"title-shortcode\">\n            Suivez moi        <\/h3>\n        <div class=\"rit-follow-me-content\">\n        <a href=\"https:\/\/www.instagram.com\/christianponcet\/\" title=\"Instagram\" target=\" _blank\"><i class=\"fa fa-instagram\"><\/i><\/a>    <\/div>\n<\/div>\n[\/vc_column][\/vc_row]<\/p>\n","protected":false},"excerpt":{"rendered":"<p>[vc_row css=&#8221;.vc_custom_1470714936820{margin-top: 100px !important;margin-bottom: 100px !important;}&#8221;][vc_column width=&#8221;1\/2&#8243;][vc_single_image image=&#8221;3427&#8243; img_size=&#8221;full&#8221; css_animation=&#8221;fadeIn&#8221; css=&#8221;.vc_custom_1536151389760{padding-top: 45px !important;}&#8221;][\/vc_column][vc_column width=&#8221;1\/2&#8243;][vc_custom_heading text=&#8221;Biographie&#8221; font_container=&#8221;tag:h2|font_size:24|text_align:left|color:%23252525&#8243; use_theme_fonts=&#8221;yes&#8221; css_animation=&#8221;fadeIn&#8221; css=&#8221;.vc_custom_1533569379175{margin-top: 40px !important;margin-bottom: 40px !important;}&#8221;][vc_column_text css_animation=&#8221;fadeIn&#8221;] Christian PONCET pratique la photographie depuis l&#8217;\u00e2ge de 18 ans. Depuis ses d\u00e9buts, la \u00ab street photography \u00bb reste sa pratique privil\u00e9gi\u00e9e \u2013 l&#8217;espace urbain et l&#8217;agitation des villes sont ses&#8230;<\/p>\n","protected":false},"author":1,"featured_media":0,"parent":0,"menu_order":0,"comment_status":"closed","ping_status":"closed","template":"","meta":{"_mi_skip_tracking":false,"footnotes":""},"class_list":["post-2282","page","type-page","status-publish","hentry"],"_links":{"self":[{"href":"https:\/\/christian-poncet.com\/index.php\/wp-json\/wp\/v2\/pages\/2282","targetHints":{"allow":["GET"]}}],"collection":[{"href":"https:\/\/christian-poncet.com\/index.php\/wp-json\/wp\/v2\/pages"}],"about":[{"href":"https:\/\/christian-poncet.com\/index.php\/wp-json\/wp\/v2\/types\/page"}],"author":[{"embeddable":true,"href":"https:\/\/christian-poncet.com\/index.php\/wp-json\/wp\/v2\/users\/1"}],"replies":[{"embeddable":true,"href":"https:\/\/christian-poncet.com\/index.php\/wp-json\/wp\/v2\/comments?post=2282"}],"version-history":[{"count":23,"href":"https:\/\/christian-poncet.com\/index.php\/wp-json\/wp\/v2\/pages\/2282\/revisions"}],"predecessor-version":[{"id":3400,"href":"https:\/\/christian-poncet.com\/index.php\/wp-json\/wp\/v2\/pages\/2282\/revisions\/3400"}],"wp:attachment":[{"href":"https:\/\/christian-poncet.com\/index.php\/wp-json\/wp\/v2\/media?parent=2282"}],"curies":[{"name":"wp","href":"https:\/\/api.w.org\/{rel}","templated":true}]}}