{"id":3412,"date":"2018-08-06T16:10:51","date_gmt":"2018-08-06T16:10:51","guid":{"rendered":"http:\/\/christian-poncet.com\/?page_id=3412"},"modified":"2018-09-05T12:26:26","modified_gmt":"2018-09-05T12:26:26","slug":"tirages","status":"publish","type":"page","link":"https:\/\/christian-poncet.com\/index.php\/a-propos-de-moi\/tirages\/","title":{"rendered":"Tirages"},"content":{"rendered":"<p>[vc_row][vc_column][vc_column_text]<strong>I &#8211; Tirages chlorobromure :<\/strong><br \/>\nformats 18&#215;24 \u2013 20&#215;25 \u2013 30&#215;40 \u2013 40&#215;50<br \/>\nr\u00e9alis\u00e9s par l&#8217;auteur<br \/>\npapiers baryt\u00e9s \u2013 virage s\u00e9l\u00e9nium<br \/>\nsign\u00e9s et limit\u00e9s \u00e0 12 exemplaires \u2013 num\u00e9rot\u00e9s de 1 \u00e0 12<\/p>\n<p><strong>II &#8211; Tirages jet d&#8217;encre<\/strong><br \/>\nformats jusqu&#8217;\u00e0 A2 r\u00e9alis\u00e9s par l&#8217;auteur<br \/>\nencres EPSON ULTRACHROME K3<br \/>\npapiers :<br \/>\n\u2013 Hahnem\u00fchle RAG 308gr, 100% coton<br \/>\n\u2013 Canson Infinity RAG 310gr,<br \/>\nsign\u00e9s et limit\u00e9s \u00e0 30 exemplaires &#8211; num\u00e9rot\u00e9s de 1 \u00e0 30[\/vc_column_text][\/vc_column][\/vc_row][vc_row][vc_column][vc_single_image image=&#8221;3476&#8243; img_size=&#8221;500&#215;381&#8243; css_animation=&#8221;fadeIn&#8221;][\/vc_column][\/vc_row]<\/p>\n","protected":false},"excerpt":{"rendered":"<p>[vc_row][vc_column][vc_column_text]I &#8211; Tirages chlorobromure : formats 18&#215;24 \u2013 20&#215;25 \u2013 30&#215;40 \u2013 40&#215;50 r\u00e9alis\u00e9s par l&#8217;auteur papiers baryt\u00e9s \u2013 virage s\u00e9l\u00e9nium sign\u00e9s et limit\u00e9s \u00e0 12 exemplaires \u2013 num\u00e9rot\u00e9s de 1 \u00e0 12 II &#8211; Tirages jet d&#8217;encre formats jusqu&#8217;\u00e0 A2 r\u00e9alis\u00e9s par l&#8217;auteur encres EPSON ULTRACHROME K3 papiers : \u2013 Hahnem\u00fchle RAG 308gr, 100%&#8230;<\/p>\n","protected":false},"author":1,"featured_media":0,"parent":2282,"menu_order":0,"comment_status":"closed","ping_status":"closed","template":"","meta":{"_mi_skip_tracking":false,"footnotes":""},"class_list":["post-3412","page","type-page","status-publish","hentry"],"_links":{"self":[{"href":"https:\/\/christian-poncet.com\/index.php\/wp-json\/wp\/v2\/pages\/3412","targetHints":{"allow":["GET"]}}],"collection":[{"href":"https:\/\/christian-poncet.com\/index.php\/wp-json\/wp\/v2\/pages"}],"about":[{"href":"https:\/\/christian-poncet.com\/index.php\/wp-json\/wp\/v2\/types\/page"}],"author":[{"embeddable":true,"href":"https:\/\/christian-poncet.com\/index.php\/wp-json\/wp\/v2\/users\/1"}],"replies":[{"embeddable":true,"href":"https:\/\/christian-poncet.com\/index.php\/wp-json\/wp\/v2\/comments?post=3412"}],"version-history":[{"count":8,"href":"https:\/\/christian-poncet.com\/index.php\/wp-json\/wp\/v2\/pages\/3412\/revisions"}],"predecessor-version":[{"id":3508,"href":"https:\/\/christian-poncet.com\/index.php\/wp-json\/wp\/v2\/pages\/3412\/revisions\/3508"}],"up":[{"embeddable":true,"href":"https:\/\/christian-poncet.com\/index.php\/wp-json\/wp\/v2\/pages\/2282"}],"wp:attachment":[{"href":"https:\/\/christian-poncet.com\/index.php\/wp-json\/wp\/v2\/media?parent=3412"}],"curies":[{"name":"wp","href":"https:\/\/api.w.org\/{rel}","templated":true}]}}